{"id":9,"date":"2019-03-18T13:32:50","date_gmt":"2019-03-18T13:32:50","guid":{"rendered":"https:\/\/de-loft.be\/?page_id=9"},"modified":"2025-01-19T18:04:53","modified_gmt":"2025-01-19T18:04:53","slug":"kamers","status":"publish","type":"page","link":"https:\/\/de-loft.be\/es\/kamers\/","title":{"rendered":"Habitaciones"},"content":{"rendered":"","protected":false},"excerpt":{"rendered":"","protected":false},"author":1,"featured_media":0,"parent":0,"menu_order":0,"comment_status":"closed","ping_status":"closed","template":"","meta":{"_exactmetrics_skip_tracking":false,"_exactmetrics_sitenote_active":false,"_exactmetrics_sitenote_note":"","_exactmetrics_sitenote_category":0,"footnotes":""},"class_list":["post-9","page","type-page","status-publish","hentry"],"yoast_head":"<!-- This site is optimized with the Yoast SEO plugin v27.2 - https:\/\/yoast.com\/product\/yoast-seo-wordpress\/ -->\n<title>Habitaciones<\/title>\n<meta name=\"description\" content=\"Aqu\u00ed se sentir\u00e1 como en casa en las amplias y c\u00f3modas habitaciones, elegantemente amuebladas con ba\u00f1o privado. Hay una entrada independiente a las habitaciones, con estacionamiento privado como una ventaja.\" \/>\n<meta name=\"robots\" content=\"index, follow, max-snippet:-1, max-image-preview:large, max-video-preview:-1\" \/>\n<link rel=\"canonical\" href=\"https:\/\/de-loft.be\/es\/kamers\/\" \/>\n<meta property=\"og:locale\" content=\"es_ES\" \/>\n<meta property=\"og:locale:alternate\" content=\"en_US\" \/>\n<meta property=\"og:locale:alternate\" content=\"nl_NL\" \/>\n<meta property=\"og:locale:alternate\" content=\"de_DE\" \/>\n<meta property=\"og:locale:alternate\" content=\"fr\" \/>\n<meta property=\"og:type\" content=\"article\" \/>\n<meta property=\"og:title\" content=\"Habitaciones\" \/>\n<meta property=\"og:description\" content=\"Hier mag je je helemaal thuis voelen in de ruime en comfortabele kamers, stijlvol ingericht met elk een private badkamer. Er is een afzonderlijke ingang naar de gastenkamers, met private parking als pluspunt.\" \/>\n<meta property=\"og:url\" content=\"https:\/\/de-loft.be\/es\/kamers\/\" \/>\n<meta property=\"og:site_name\" content=\"De Loft\" \/>\n<meta property=\"article:modified_time\" content=\"2025-01-19T18:04:53+00:00\" \/>\n<meta name=\"twitter:card\" content=\"summary_large_image\" \/>\n<script type=\"application\/ld+json\" class=\"yoast-schema-graph\">{\"@context\":\"https:\/\/schema.org\",\"@graph\":[{\"@type\":\"WebPage\",\"@id\":\"https:\/\/de-loft.be\/nl-nl\/kamers\/\",\"url\":\"https:\/\/de-loft.be\/nl-nl\/kamers\/\",\"name\":\"Habitaciones\",\"isPartOf\":{\"@id\":\"https:\/\/de-loft.be\/en\/#website\"},\"datePublished\":\"2019-03-18T13:32:50+00:00\",\"dateModified\":\"2025-01-19T18:04:53+00:00\",\"description\":\"Hier mag je je helemaal thuis voelen in de ruime en comfortabele kamers, stijlvol ingericht met elk een private badkamer. Er is een afzonderlijke ingang naar de gastenkamers, met private parking als pluspunt.\",\"breadcrumb\":{\"@id\":\"https:\/\/de-loft.be\/nl-nl\/kamers\/#breadcrumb\"},\"inLanguage\":\"es\",\"potentialAction\":[{\"@type\":\"ReadAction\",\"target\":[\"https:\/\/de-loft.be\/nl-nl\/kamers\/\"]}]},{\"@type\":\"BreadcrumbList\",\"@id\":\"https:\/\/de-loft.be\/nl-nl\/kamers\/#breadcrumb\",\"itemListElement\":[{\"@type\":\"ListItem\",\"position\":1,\"name\":\"Home\",\"item\":\"https:\/\/de-loft.be\/en\/\"},{\"@type\":\"ListItem\",\"position\":2,\"name\":\"Kamers\"}]},{\"@type\":\"WebSite\",\"@id\":\"https:\/\/de-loft.be\/en\/#website\",\"url\":\"https:\/\/de-loft.be\/en\/\",\"name\":\"De Loft\",\"description\":\"Bienvenido al Loft Brujas\",\"potentialAction\":[{\"@type\":\"SearchAction\",\"target\":{\"@type\":\"EntryPoint\",\"urlTemplate\":\"https:\/\/de-loft.be\/en\/?s={search_term_string}\"},\"query-input\":{\"@type\":\"PropertyValueSpecification\",\"valueRequired\":true,\"valueName\":\"search_term_string\"}}],\"inLanguage\":\"es\"}]}<\/script>\n<!-- \/ Yoast SEO plugin. -->","yoast_head_json":{"title":"Habitaciones","description":"Aqu\u00ed se sentir\u00e1 como en casa en las amplias y c\u00f3modas habitaciones, elegantemente amuebladas con ba\u00f1o privado. Hay una entrada independiente a las habitaciones, con estacionamiento privado como una ventaja.","robots":{"index":"index","follow":"follow","max-snippet":"max-snippet:-1","max-image-preview":"max-image-preview:large","max-video-preview":"max-video-preview:-1"},"canonical":"https:\/\/de-loft.be\/es\/kamers\/","og_locale":"es_ES","og_type":"article","og_title":"[:en]Rooms[:nl-nl]Kamers[:de]Zimmer[:fr]Chambres[:es]Habitaciones[:] - De Loft","og_description":"Hier mag je je helemaal thuis voelen in de ruime en comfortabele kamers, stijlvol ingericht met elk een private badkamer. Er is een afzonderlijke ingang naar de gastenkamers, met private parking als pluspunt.","og_url":"https:\/\/de-loft.be\/es\/kamers\/","og_site_name":"De Loft","article_modified_time":"2025-01-19T18:04:53+00:00","twitter_card":"summary_large_image","schema":{"@context":"https:\/\/schema.org","@graph":[{"@type":"WebPage","@id":"https:\/\/de-loft.be\/nl-nl\/kamers\/","url":"https:\/\/de-loft.be\/nl-nl\/kamers\/","name":"Habitaciones","isPartOf":{"@id":"https:\/\/de-loft.be\/en\/#website"},"datePublished":"2019-03-18T13:32:50+00:00","dateModified":"2025-01-19T18:04:53+00:00","description":"Hier mag je je helemaal thuis voelen in de ruime en comfortabele kamers, stijlvol ingericht met elk een private badkamer. Er is een afzonderlijke ingang naar de gastenkamers, met private parking als pluspunt.","breadcrumb":{"@id":"https:\/\/de-loft.be\/nl-nl\/kamers\/#breadcrumb"},"inLanguage":"es","potentialAction":[{"@type":"ReadAction","target":["https:\/\/de-loft.be\/nl-nl\/kamers\/"]}]},{"@type":"BreadcrumbList","@id":"https:\/\/de-loft.be\/nl-nl\/kamers\/#breadcrumb","itemListElement":[{"@type":"ListItem","position":1,"name":"Home","item":"https:\/\/de-loft.be\/en\/"},{"@type":"ListItem","position":2,"name":"Kamers"}]},{"@type":"WebSite","@id":"https:\/\/de-loft.be\/en\/#website","url":"https:\/\/de-loft.be\/en\/","name":"De Loft","description":"Bienvenido al Loft Brujas","potentialAction":[{"@type":"SearchAction","target":{"@type":"EntryPoint","urlTemplate":"https:\/\/de-loft.be\/en\/?s={search_term_string}"},"query-input":{"@type":"PropertyValueSpecification","valueRequired":true,"valueName":"search_term_string"}}],"inLanguage":"es"}]}},"_links":{"self":[{"href":"https:\/\/de-loft.be\/es\/wp-json\/wp\/v2\/pages\/9","targetHints":{"allow":["GET"]}}],"collection":[{"href":"https:\/\/de-loft.be\/es\/wp-json\/wp\/v2\/pages"}],"about":[{"href":"https:\/\/de-loft.be\/es\/wp-json\/wp\/v2\/types\/page"}],"author":[{"embeddable":true,"href":"https:\/\/de-loft.be\/es\/wp-json\/wp\/v2\/users\/1"}],"replies":[{"embeddable":true,"href":"https:\/\/de-loft.be\/es\/wp-json\/wp\/v2\/comments?post=9"}],"version-history":[{"count":58,"href":"https:\/\/de-loft.be\/es\/wp-json\/wp\/v2\/pages\/9\/revisions"}],"predecessor-version":[{"id":1422,"href":"https:\/\/de-loft.be\/es\/wp-json\/wp\/v2\/pages\/9\/revisions\/1422"}],"wp:attachment":[{"href":"https:\/\/de-loft.be\/es\/wp-json\/wp\/v2\/media?parent=9"}],"curies":[{"name":"wp","href":"https:\/\/api.w.org\/{rel}","templated":true}]}}