{"id":7,"date":"2019-03-18T13:32:36","date_gmt":"2019-03-18T13:32:36","guid":{"rendered":"https:\/\/de-loft.be\/?page_id=7"},"modified":"2026-03-03T15:07:21","modified_gmt":"2026-03-03T15:07:21","slug":"home","status":"publish","type":"page","link":"https:\/\/de-loft.be\/de\/","title":{"rendered":"Home"},"content":{"rendered":"","protected":false},"excerpt":{"rendered":"","protected":false},"author":1,"featured_media":0,"parent":0,"menu_order":0,"comment_status":"closed","ping_status":"closed","template":"","meta":{"_exactmetrics_skip_tracking":false,"_exactmetrics_sitenote_active":false,"_exactmetrics_sitenote_note":"","_exactmetrics_sitenote_category":0,"footnotes":""},"class_list":["post-7","page","type-page","status-publish","hentry"],"yoast_head":"<!-- This site is optimized with the Yoast SEO plugin v27.2 - https:\/\/yoast.com\/product\/yoast-seo-wordpress\/ -->\n<title>Home<\/title>\n<meta name=\"description\" content=\"Guesthouse de Loft ist ein idealer Ausgangspunkt f\u00fcr einen gelungen Aufenthalt, um Br\u00fcgge zu entdecken.Bieke en Bert bieten unkomplizierte Gastfreundschaft in eine entspannte Sph\u00e4re und versorgen Sie gerne mit Tipps.\" \/>\n<meta name=\"robots\" content=\"index, follow, max-snippet:-1, max-image-preview:large, max-video-preview:-1\" \/>\n<link rel=\"canonical\" href=\"https:\/\/de-loft.be\/de\/\" \/>\n<meta property=\"og:locale\" content=\"de_DE\" \/>\n<meta property=\"og:locale:alternate\" content=\"en_US\" \/>\n<meta property=\"og:locale:alternate\" content=\"nl_NL\" \/>\n<meta property=\"og:locale:alternate\" content=\"fr\" \/>\n<meta property=\"og:locale:alternate\" content=\"es\" \/>\n<meta property=\"og:type\" content=\"article\" \/>\n<meta property=\"og:title\" content=\"Home\" \/>\n<meta property=\"og:description\" content=\"Guesthouse de Loft is the ideal spot to discover Bruges in its beauty. Bieke en Bert are welcoming you in their extraordinary house and are happy to share their recommendations with you. This former lace school built in 1924 is fully renovated to a grand loft. Enjoy this unique opportunity to stay in style in historical property.\" \/>\n<meta property=\"og:url\" content=\"https:\/\/de-loft.be\/de\/\" \/>\n<meta property=\"og:site_name\" content=\"De Loft\" \/>\n<meta property=\"article:modified_time\" content=\"2026-03-03T15:07:21+00:00\" \/>\n<meta name=\"twitter:card\" content=\"summary_large_image\" \/>\n<script type=\"application\/ld+json\" class=\"yoast-schema-graph\">{\"@context\":\"https:\/\/schema.org\",\"@graph\":[{\"@type\":\"WebPage\",\"@id\":\"https:\/\/de-loft.be\/en\/\",\"url\":\"https:\/\/de-loft.be\/en\/\",\"name\":\"Home\",\"isPartOf\":{\"@id\":\"https:\/\/de-loft.be\/en\/#website\"},\"datePublished\":\"2019-03-18T13:32:36+00:00\",\"dateModified\":\"2026-03-03T15:07:21+00:00\",\"description\":\"Guesthouse de Loft is the ideal spot to discover Bruges in its beauty. Bieke en Bert are welcoming you in their extraordinary house and are happy to share their recommendations with you. This former lace school built in 1924 is fully renovated to a grand loft. Enjoy this unique opportunity to stay in style in historical property.\",\"breadcrumb\":{\"@id\":\"https:\/\/de-loft.be\/en\/#breadcrumb\"},\"inLanguage\":\"de-DE\",\"potentialAction\":[{\"@type\":\"ReadAction\",\"target\":[\"https:\/\/de-loft.be\/en\/\"]}]},{\"@type\":\"BreadcrumbList\",\"@id\":\"https:\/\/de-loft.be\/en\/#breadcrumb\",\"itemListElement\":[{\"@type\":\"ListItem\",\"position\":1,\"name\":\"Home\",\"item\":\"https:\/\/de-loft.be\/en\/\"},{\"@type\":\"ListItem\",\"position\":2,\"name\":\"Home\"}]},{\"@type\":\"WebSite\",\"@id\":\"https:\/\/de-loft.be\/en\/#website\",\"url\":\"https:\/\/de-loft.be\/en\/\",\"name\":\"De Loft\",\"description\":\"Willkommen im Loft Br\u00fcgge\",\"potentialAction\":[{\"@type\":\"SearchAction\",\"target\":{\"@type\":\"EntryPoint\",\"urlTemplate\":\"https:\/\/de-loft.be\/en\/?s={search_term_string}\"},\"query-input\":{\"@type\":\"PropertyValueSpecification\",\"valueRequired\":true,\"valueName\":\"search_term_string\"}}],\"inLanguage\":\"de-DE\"}]}<\/script>\n<!-- \/ Yoast SEO plugin. -->","yoast_head_json":{"title":"Home","description":"Guesthouse de Loft ist ein idealer Ausgangspunkt f\u00fcr einen gelungen Aufenthalt, um Br\u00fcgge zu entdecken.Bieke en Bert bieten unkomplizierte Gastfreundschaft in eine entspannte Sph\u00e4re und versorgen Sie gerne mit Tipps.","robots":{"index":"index","follow":"follow","max-snippet":"max-snippet:-1","max-image-preview":"max-image-preview:large","max-video-preview":"max-video-preview:-1"},"canonical":"https:\/\/de-loft.be\/de\/","og_locale":"de_DE","og_type":"article","og_title":"[:en]Home[:nl-nl]Home[:de]Home[:fr]Home[:es]Home[:] - De Loft","og_description":"Guesthouse de Loft is the ideal spot to discover Bruges in its beauty. Bieke en Bert are welcoming you in their extraordinary house and are happy to share their recommendations with you. This former lace school built in 1924 is fully renovated to a grand loft. Enjoy this unique opportunity to stay in style in historical property.","og_url":"https:\/\/de-loft.be\/de\/","og_site_name":"De Loft","article_modified_time":"2026-03-03T15:07:21+00:00","twitter_card":"summary_large_image","schema":{"@context":"https:\/\/schema.org","@graph":[{"@type":"WebPage","@id":"https:\/\/de-loft.be\/en\/","url":"https:\/\/de-loft.be\/en\/","name":"Home","isPartOf":{"@id":"https:\/\/de-loft.be\/en\/#website"},"datePublished":"2019-03-18T13:32:36+00:00","dateModified":"2026-03-03T15:07:21+00:00","description":"Guesthouse de Loft is the ideal spot to discover Bruges in its beauty. Bieke en Bert are welcoming you in their extraordinary house and are happy to share their recommendations with you. This former lace school built in 1924 is fully renovated to a grand loft. Enjoy this unique opportunity to stay in style in historical property.","breadcrumb":{"@id":"https:\/\/de-loft.be\/en\/#breadcrumb"},"inLanguage":"de-DE","potentialAction":[{"@type":"ReadAction","target":["https:\/\/de-loft.be\/en\/"]}]},{"@type":"BreadcrumbList","@id":"https:\/\/de-loft.be\/en\/#breadcrumb","itemListElement":[{"@type":"ListItem","position":1,"name":"Home","item":"https:\/\/de-loft.be\/en\/"},{"@type":"ListItem","position":2,"name":"Home"}]},{"@type":"WebSite","@id":"https:\/\/de-loft.be\/en\/#website","url":"https:\/\/de-loft.be\/en\/","name":"De Loft","description":"Willkommen im Loft Br\u00fcgge","potentialAction":[{"@type":"SearchAction","target":{"@type":"EntryPoint","urlTemplate":"https:\/\/de-loft.be\/en\/?s={search_term_string}"},"query-input":{"@type":"PropertyValueSpecification","valueRequired":true,"valueName":"search_term_string"}}],"inLanguage":"de-DE"}]}},"_links":{"self":[{"href":"https:\/\/de-loft.be\/de\/wp-json\/wp\/v2\/pages\/7","targetHints":{"allow":["GET"]}}],"collection":[{"href":"https:\/\/de-loft.be\/de\/wp-json\/wp\/v2\/pages"}],"about":[{"href":"https:\/\/de-loft.be\/de\/wp-json\/wp\/v2\/types\/page"}],"author":[{"embeddable":true,"href":"https:\/\/de-loft.be\/de\/wp-json\/wp\/v2\/users\/1"}],"replies":[{"embeddable":true,"href":"https:\/\/de-loft.be\/de\/wp-json\/wp\/v2\/comments?post=7"}],"version-history":[{"count":36,"href":"https:\/\/de-loft.be\/de\/wp-json\/wp\/v2\/pages\/7\/revisions"}],"predecessor-version":[{"id":1336,"href":"https:\/\/de-loft.be\/de\/wp-json\/wp\/v2\/pages\/7\/revisions\/1336"}],"wp:attachment":[{"href":"https:\/\/de-loft.be\/de\/wp-json\/wp\/v2\/media?parent=7"}],"curies":[{"name":"wp","href":"https:\/\/api.w.org\/{rel}","templated":true}]}}